{"id":7,"date":"2017-11-05T17:43:21","date_gmt":"2017-11-05T16:43:21","guid":{"rendered":"http:\/\/www.scouting-columbus.nl\/?page_id=7"},"modified":"2025-10-13T09:01:54","modified_gmt":"2025-10-13T07:01:54","slug":"home","status":"publish","type":"page","link":"https:\/\/www.scouting-columbus.nl\/","title":{"rendered":"Home"},"content":{"rendered":"<p>Welkom op de site van Scouting Columbus, de leukste Scoutinggroep van \u00e9n voor &#8216;s\u2212Hertogenbosch.<\/p>\n<p style=\"text-align: center;\"><strong>&#8220;Wat bij ons in huis niet mag, doen wij hier op vrijdag of op zaterdag&#8221;<\/strong><\/p>\n<p>Wat we dan doen? Voor iedere leeftijdsgroep, binnen Scouting heet dit Speltakken, heeft Scouting Nederland een spelvisie ontwikkeld, waarmee de jeugdleden worden uitgedaagd zich te ontwikkelen.<\/p>\n<p>Scouting Columbus heeft de volgende vijf gemengde speltakken:<br \/><a href=\"https:\/\/www.scouting-columbus.nl\/index.php\/een-homepagina-sectie\/bevers\/\" target=\"_blank\" rel=\"noopener\">Bevers (5 &#8211; 7 jaar)<\/a>, <a href=\"https:\/\/www.scouting-columbus.nl\/index.php\/een-homepagina-sectie\/welpen\/\" target=\"_blank\" rel=\"noopener\">Welpen (7 &#8211; 11 jaar)<\/a>, <a href=\"https:\/\/www.scouting-columbus.nl\/index.php\/een-homepagina-sectie\/scouts\/\" target=\"_blank\" rel=\"noopener\">Scouts (11 &#8211; 15 jaar)<\/a>, <a href=\"https:\/\/www.scouting-columbus.nl\/index.php\/een-homepagina-sectie\/explorers\/\" target=\"_blank\" rel=\"noopener\">Explorers (15 &#8211; 18 jaar)<\/a> en <a href=\"https:\/\/www.scouting-columbus.nl\/index.php\/een-homepagina-sectie\/roverscouts\/\" target=\"_blank\" rel=\"noopener\">RoverScouts\u00a0 (18 + jaar)<\/a>.\u00a0 Na de RoverScouts is het mogelijk om verbonden te blijven aan Scouting Columbus door lid te worden van \u00e9\u00e9n van de twee <a href=\"https:\/\/www.scouting-columbus.nl\/index.php\/een-homepagina-sectie\/stam-de-bossche-broekies\/\" target=\"_blank\" rel=\"noopener\">Stamgroepen (21+)<\/a>.<\/p>\n<p>Klik op \u00e9\u00e9n van de links of op \u00e9\u00e9n van de Speltaklogo&#8217;s voor meer informatie over de betreffende speltak.<\/p>\n<table style=\"border: 2px solid #ff5a00;\">\n<tbody>\n<tr>\n<td style=\"border: 1px solid #ff5a00; text-align: center;\"><a href=\"https:\/\/www.scouting-columbus.nl\/index.php\/een-homepagina-sectie\/bevers\/\" target=\"_blank\" rel=\"noopener\">Bevers<br \/>(5 &#8211; 7 jaar)<\/a><\/p>\n<p><a href=\"https:\/\/www.scouting-columbus.nl\/index.php\/een-homepagina-sectie\/bevers\/\" target=\"_blank\" rel=\"noopener\"><img loading=\"lazy\" decoding=\"async\" class=\"aligncenter wp-image-100\" src=\"https:\/\/www.scouting-columbus.nl\/wp-content\/uploads\/2017\/11\/Logo-Bevers.png\" alt=\"\" width=\"150\" height=\"150\" srcset=\"https:\/\/www.scouting-columbus.nl\/wp-content\/uploads\/2017\/11\/Logo-Bevers.png 300w, https:\/\/www.scouting-columbus.nl\/wp-content\/uploads\/2017\/11\/Logo-Bevers-150x150.png 150w, https:\/\/www.scouting-columbus.nl\/wp-content\/uploads\/2017\/11\/Logo-Bevers-100x100.png 100w\" sizes=\"auto, (max-width: 150px) 100vw, 150px\" \/><\/a><\/p>\n<\/td>\n<td style=\"border: 1px solid #ff5a00; text-align: center;\"><a href=\"https:\/\/www.scouting-columbus.nl\/index.php\/een-homepagina-sectie\/welpen\/\" target=\"_blank\" rel=\"noopener\">Welpen<br \/>(7 &#8211; 11 jaar)<\/a><\/p>\n<p><a href=\"https:\/\/www.scouting-columbus.nl\/index.php\/welpen\/\"><img loading=\"lazy\" decoding=\"async\" class=\"aligncenter wp-image-108\" src=\"https:\/\/www.scouting-columbus.nl\/wp-content\/uploads\/2017\/11\/Logo-Welpen.png\" alt=\"\" width=\"150\" height=\"150\" srcset=\"https:\/\/www.scouting-columbus.nl\/wp-content\/uploads\/2017\/11\/Logo-Welpen.png 300w, https:\/\/www.scouting-columbus.nl\/wp-content\/uploads\/2017\/11\/Logo-Welpen-150x150.png 150w, https:\/\/www.scouting-columbus.nl\/wp-content\/uploads\/2017\/11\/Logo-Welpen-100x100.png 100w\" sizes=\"auto, (max-width: 150px) 100vw, 150px\" \/><\/a><\/p>\n<\/td>\n<td style=\"border: 1px solid #ff5a00; text-align: center;\"><a href=\"https:\/\/www.scouting-columbus.nl\/index.php\/een-homepagina-sectie\/scouts\/\" target=\"_blank\" rel=\"noopener\">Scouts<br \/>(11 &#8211; 15 jaar)<\/a><\/p>\n<p><a href=\"https:\/\/www.scouting-columbus.nl\/index.php\/scouts\/\"><img loading=\"lazy\" decoding=\"async\" class=\"aligncenter wp-image-110\" src=\"https:\/\/www.scouting-columbus.nl\/wp-content\/uploads\/2017\/11\/Logo-Scouts.png\" alt=\"\" width=\"150\" height=\"150\" srcset=\"https:\/\/www.scouting-columbus.nl\/wp-content\/uploads\/2017\/11\/Logo-Scouts.png 300w, https:\/\/www.scouting-columbus.nl\/wp-content\/uploads\/2017\/11\/Logo-Scouts-150x150.png 150w, https:\/\/www.scouting-columbus.nl\/wp-content\/uploads\/2017\/11\/Logo-Scouts-100x100.png 100w\" sizes=\"auto, (max-width: 150px) 100vw, 150px\" \/><\/a><\/p>\n<\/td>\n<\/tr>\n<tr>\n<td style=\"border: 1px solid #ff5a00; text-align: center;\"><a href=\"https:\/\/www.scouting-columbus.nl\/index.php\/een-homepagina-sectie\/explorers\/\" target=\"_blank\" rel=\"noopener\">Explorers<br \/>(15 &#8211; 18 jaar)<\/a><\/p>\n<p><a href=\"https:\/\/www.scouting-columbus.nl\/index.php\/explorers\/\"><img loading=\"lazy\" decoding=\"async\" class=\"aligncenter wp-image-106\" src=\"https:\/\/www.scouting-columbus.nl\/wp-content\/uploads\/2017\/11\/Logo-Explorers-300x300.png\" alt=\"\" width=\"150\" height=\"150\" srcset=\"https:\/\/www.scouting-columbus.nl\/wp-content\/uploads\/2017\/11\/Logo-Explorers-300x300.png 300w, https:\/\/www.scouting-columbus.nl\/wp-content\/uploads\/2017\/11\/Logo-Explorers-150x150.png 150w, https:\/\/www.scouting-columbus.nl\/wp-content\/uploads\/2017\/11\/Logo-Explorers-100x100.png 100w, https:\/\/www.scouting-columbus.nl\/wp-content\/uploads\/2017\/11\/Logo-Explorers.png 471w\" sizes=\"auto, (max-width: 150px) 100vw, 150px\" \/><\/a><\/p>\n<\/td>\n<td style=\"border: 1px solid #ff5a00; text-align: center;\"><a href=\"https:\/\/www.scouting-columbus.nl\/index.php\/een-homepagina-sectie\/roverscouts\/\" target=\"_blank\" rel=\"noopener\">RoverScouts<br \/>(18 + jaar)<\/a><\/p>\n<p><a href=\"https:\/\/www.scouting-columbus.nl\/index.php\/roverscouts\/\"><img loading=\"lazy\" decoding=\"async\" class=\"aligncenter wp-image-112\" src=\"https:\/\/www.scouting-columbus.nl\/wp-content\/uploads\/2017\/11\/Logo-Roverscouts.png\" alt=\"\" width=\"150\" height=\"150\" srcset=\"https:\/\/www.scouting-columbus.nl\/wp-content\/uploads\/2017\/11\/Logo-Roverscouts.png 300w, https:\/\/www.scouting-columbus.nl\/wp-content\/uploads\/2017\/11\/Logo-Roverscouts-150x150.png 150w, https:\/\/www.scouting-columbus.nl\/wp-content\/uploads\/2017\/11\/Logo-Roverscouts-100x100.png 100w\" sizes=\"auto, (max-width: 150px) 100vw, 150px\" \/><\/a><\/p>\n<\/td>\n<td style=\"border: 1px solid #ff5a00; text-align: center;\"><a href=\"https:\/\/www.scouting-columbus.nl\/index.php\/een-homepagina-sectie\/stam-de-bossche-broekies\/\" target=\"_blank\" rel=\"noopener\">Stamgroepen<br \/>(21+)<\/a><\/p>\n<p><a href=\"https:\/\/www.scouting-columbus.nl\/index.php\/stam\/\"><img loading=\"lazy\" decoding=\"async\" class=\"aligncenter wp-image-124\" src=\"https:\/\/www.scouting-columbus.nl\/wp-content\/uploads\/2017\/11\/Logo-Stam.png\" alt=\"\" width=\"150\" height=\"150\" srcset=\"https:\/\/www.scouting-columbus.nl\/wp-content\/uploads\/2017\/11\/Logo-Stam.png 200w, https:\/\/www.scouting-columbus.nl\/wp-content\/uploads\/2017\/11\/Logo-Stam-150x150.png 150w, https:\/\/www.scouting-columbus.nl\/wp-content\/uploads\/2017\/11\/Logo-Stam-100x100.png 100w\" sizes=\"auto, (max-width: 150px) 100vw, 150px\" \/><\/a><\/p>\n<\/td>\n<\/tr>\n<\/tbody>\n<\/table>\n\n\n<p>Opkomsten:<\/p>\n\n\n\n<p><span style=\"text-decoration: underline;\">Vrijdags:<\/span><br>&#8211; 15.30 &#8211; 17.00 uur:&nbsp; <a href=\"https:\/\/www.scouting-columbus.nl\/index.php\/een-homepagina-sectie\/bevers\/\" data-type=\"page\" data-id=\"80\">Bevers (5 &#8211; 7 jaar)<\/a><br>&#8211; Vanaf 20.00 uur: <a href=\"https:\/\/www.scouting-columbus.nl\/index.php\/een-homepagina-sectie\/explorers\/\" data-type=\"page\" data-id=\"86\">Explorers (15 &#8211; 18 jaar)<\/a> en <a href=\"https:\/\/www.scouting-columbus.nl\/index.php\/een-homepagina-sectie\/roverscouts\/\" data-type=\"page\" data-id=\"88\">RoverScouts (18 + jaar)<\/a><\/p>\n\n\n\n<p><span style=\"text-decoration: underline;\">Zaterdags:<\/span><br>&#8211; 10.00 &#8211; 12.00 uur: <a href=\"https:\/\/www.scouting-columbus.nl\/index.php\/een-homepagina-sectie\/welpen\/\" data-type=\"page\" data-id=\"82\">Welpen (7 &#8211; 11 jaar)<\/a><br>&#8211; 10.00 &#8211; 13.00 uur: <a href=\"https:\/\/www.scouting-columbus.nl\/index.php\/een-homepagina-sectie\/scouts\/\" data-type=\"page\" data-id=\"84\">Scouts (11 &#8211; 15 jaar)<\/a><\/p>\n\n\n\n<p><\/p>\n","protected":false},"excerpt":{"rendered":"<p>Welkom op de site van Scouting Columbus, de leukste Scoutinggroep van \u00e9n voor &#8216;s\u2212Hertogenbosch. &#8220;Wat bij ons in huis niet mag, doen wij hier op vrijdag of op zaterdag&#8221; Wat we dan doen? Voor iedere leeftijdsgroep, binnen Scouting heet dit Speltakken, heeft Scouting Nederland een spelvisie ontwikkeld, waarmee de jeugdleden worden uitgedaagd zich te ontwikkelen. &hellip; <\/p>\n<p class=\"link-more\"><a href=\"https:\/\/www.scouting-columbus.nl\/\" class=\"more-link\">Lees verder <span class=\"screen-reader-text\">&#8220;Home&#8221;<\/span><\/a><\/p>\n","protected":false},"author":4,"featured_media":0,"parent":0,"menu_order":0,"comment_status":"closed","ping_status":"closed","template":"","meta":{"footnotes":""},"class_list":["post-7","page","type-page","status-publish","hentry"],"_links":{"self":[{"href":"https:\/\/www.scouting-columbus.nl\/index.php\/wp-json\/wp\/v2\/pages\/7","targetHints":{"allow":["GET"]}}],"collection":[{"href":"https:\/\/www.scouting-columbus.nl\/index.php\/wp-json\/wp\/v2\/pages"}],"about":[{"href":"https:\/\/www.scouting-columbus.nl\/index.php\/wp-json\/wp\/v2\/types\/page"}],"author":[{"embeddable":true,"href":"https:\/\/www.scouting-columbus.nl\/index.php\/wp-json\/wp\/v2\/users\/4"}],"replies":[{"embeddable":true,"href":"https:\/\/www.scouting-columbus.nl\/index.php\/wp-json\/wp\/v2\/comments?post=7"}],"version-history":[{"count":98,"href":"https:\/\/www.scouting-columbus.nl\/index.php\/wp-json\/wp\/v2\/pages\/7\/revisions"}],"predecessor-version":[{"id":2105,"href":"https:\/\/www.scouting-columbus.nl\/index.php\/wp-json\/wp\/v2\/pages\/7\/revisions\/2105"}],"wp:attachment":[{"href":"https:\/\/www.scouting-columbus.nl\/index.php\/wp-json\/wp\/v2\/media?parent=7"}],"curies":[{"name":"wp","href":"https:\/\/api.w.org\/{rel}","templated":true}]}}